{"id":268,"date":"2023-12-14T09:48:08","date_gmt":"2023-12-14T09:48:08","guid":{"rendered":"https:\/\/gracious-wright.217-76-155-236.plesk.page\/product\/pagina-de-patrocini-exclusiu\/"},"modified":"2023-12-14T09:48:08","modified_gmt":"2023-12-14T09:48:08","slug":"pagina-de-patrocini-exclusiu","status":"publish","type":"product","link":"https:\/\/gracious-wright.217-76-155-236.plesk.page\/ca\/producte\/pagina-de-patrocini-exclusiu\/","title":{"rendered":"P\u00e0gina de Patrocini Exclusiu"},"content":{"rendered":"<p>Destaca la teva marca amb la nostra subscripci\u00f3 exclusiva de P\u00e0gina de Patrocini! Obtingueu una pres\u00e8ncia destacada amb una p\u00e0gina completa dedicada a la vostra empresa, dissenyada a mida per captar l&#8217;atenci\u00f3. A m\u00e9s, inclou una entrevista exclusiva per connectar de manera aut\u00e8ntica amb els nostres lectors. Assegura un espai premium perqu\u00e8 el teu missatge brilli amb for\u00e7a!<\/p>\n","protected":false},"excerpt":{"rendered":"<p>Destaca amb la nostra P\u00e0gina de Patrocini Exclusiu! Assegureu una p\u00e0gina completa per a la vostra marca, amb disseny personalitzat i una entrevista exclusiva per connectar aut\u00e8nticament amb els nostres lectors. Potencia la teva pres\u00e8ncia i deixa una impressi\u00f3 duradora.<\/p>\n","protected":false},"featured_media":205,"comment_status":"open","ping_status":"closed","template":"","meta":{"_et_pb_use_builder":"","_et_pb_old_content":"","_et_gb_content_width":""},"product_cat":[27],"product_tag":[],"class_list":{"0":"post-268","1":"product","2":"type-product","3":"status-publish","4":"has-post-thumbnail","6":"product_cat-sin-categorizar","8":"first","9":"instock","10":"taxable","11":"shipping-taxable","12":"purchasable","13":"product-type-variable"},"_links":{"self":[{"href":"https:\/\/gracious-wright.217-76-155-236.plesk.page\/ca\/wp-json\/wp\/v2\/product\/268","targetHints":{"allow":["GET"]}}],"collection":[{"href":"https:\/\/gracious-wright.217-76-155-236.plesk.page\/ca\/wp-json\/wp\/v2\/product"}],"about":[{"href":"https:\/\/gracious-wright.217-76-155-236.plesk.page\/ca\/wp-json\/wp\/v2\/types\/product"}],"replies":[{"embeddable":true,"href":"https:\/\/gracious-wright.217-76-155-236.plesk.page\/ca\/wp-json\/wp\/v2\/comments?post=268"}],"wp:featuredmedia":[{"embeddable":true,"href":"https:\/\/gracious-wright.217-76-155-236.plesk.page\/ca\/wp-json\/wp\/v2\/media\/205"}],"wp:attachment":[{"href":"https:\/\/gracious-wright.217-76-155-236.plesk.page\/ca\/wp-json\/wp\/v2\/media?parent=268"}],"wp:term":[{"taxonomy":"product_cat","embeddable":true,"href":"https:\/\/gracious-wright.217-76-155-236.plesk.page\/ca\/wp-json\/wp\/v2\/product_cat?post=268"},{"taxonomy":"product_tag","embeddable":true,"href":"https:\/\/gracious-wright.217-76-155-236.plesk.page\/ca\/wp-json\/wp\/v2\/product_tag?post=268"}],"curies":[{"name":"wp","href":"https:\/\/api.w.org\/{rel}","templated":true}]}}