{"id":272,"date":"2023-12-14T09:50:38","date_gmt":"2023-12-14T09:50:38","guid":{"rendered":"https:\/\/gracious-wright.217-76-155-236.plesk.page\/product\/seccio-de-ressenyes-destacades\/"},"modified":"2023-12-14T09:50:38","modified_gmt":"2023-12-14T09:50:38","slug":"seccio-de-ressenyes-destacades","status":"publish","type":"product","link":"https:\/\/gracious-wright.217-76-155-236.plesk.page\/ca\/producte\/seccio-de-ressenyes-destacades\/","title":{"rendered":"Secci\u00f3 de Ressenyes Destacades"},"content":{"rendered":"<p>Fes que la teva marca ressoni a les nostres Ressenyes Destacades! Amb aquesta subscripci\u00f3, destaquem la teva empresa en una secci\u00f3 especial de ressenyes a cada edici\u00f3. Obtingues visibilitat i credibilitat amb opinions detallades recolzades per experts de la ind\u00fastria. Aprofita aquesta oportunitat \u00fanica per connectar-te amb la nostra audi\u00e8ncia mitjan\u00e7ant experi\u00e8ncies aut\u00e8ntiques!<\/p>\n","protected":false},"excerpt":{"rendered":"<p>Fes ressonar la teva marca amb Ressenyes Destacades! Destaca&#8217;t a cada edici\u00f3 amb opinions detallades recolzades per experts de la ind\u00fastria. Obtingues visibilitat i credibilitat, connectant de manera aut\u00e8ntica amb la nostra audi\u00e8ncia a trav\u00e9s d&#8217;experi\u00e8ncies aut\u00e8ntiques.<\/p>\n","protected":false},"featured_media":209,"comment_status":"open","ping_status":"closed","template":"","meta":{"_et_pb_use_builder":"","_et_pb_old_content":"","_et_gb_content_width":""},"product_cat":[27],"product_tag":[],"class_list":{"0":"post-272","1":"product","2":"type-product","3":"status-publish","4":"has-post-thumbnail","6":"product_cat-sin-categorizar","8":"first","9":"instock","10":"taxable","11":"shipping-taxable","12":"purchasable","13":"product-type-variable"},"_links":{"self":[{"href":"https:\/\/gracious-wright.217-76-155-236.plesk.page\/ca\/wp-json\/wp\/v2\/product\/272","targetHints":{"allow":["GET"]}}],"collection":[{"href":"https:\/\/gracious-wright.217-76-155-236.plesk.page\/ca\/wp-json\/wp\/v2\/product"}],"about":[{"href":"https:\/\/gracious-wright.217-76-155-236.plesk.page\/ca\/wp-json\/wp\/v2\/types\/product"}],"replies":[{"embeddable":true,"href":"https:\/\/gracious-wright.217-76-155-236.plesk.page\/ca\/wp-json\/wp\/v2\/comments?post=272"}],"wp:featuredmedia":[{"embeddable":true,"href":"https:\/\/gracious-wright.217-76-155-236.plesk.page\/ca\/wp-json\/wp\/v2\/media\/209"}],"wp:attachment":[{"href":"https:\/\/gracious-wright.217-76-155-236.plesk.page\/ca\/wp-json\/wp\/v2\/media?parent=272"}],"wp:term":[{"taxonomy":"product_cat","embeddable":true,"href":"https:\/\/gracious-wright.217-76-155-236.plesk.page\/ca\/wp-json\/wp\/v2\/product_cat?post=272"},{"taxonomy":"product_tag","embeddable":true,"href":"https:\/\/gracious-wright.217-76-155-236.plesk.page\/ca\/wp-json\/wp\/v2\/product_tag?post=272"}],"curies":[{"name":"wp","href":"https:\/\/api.w.org\/{rel}","templated":true}]}}