{"id":280,"date":"2023-12-21T11:43:58","date_gmt":"2023-12-21T11:43:58","guid":{"rendered":"https:\/\/gracious-wright.217-76-155-236.plesk.page\/product\/impuls-digital-premium\/"},"modified":"2023-12-21T11:43:58","modified_gmt":"2023-12-21T11:43:58","slug":"impuls-digital-premium","status":"publish","type":"product","link":"https:\/\/gracious-wright.217-76-155-236.plesk.page\/ca\/producte\/impuls-digital-premium\/","title":{"rendered":"Impuls Digital Premium"},"content":{"rendered":"<p>Porta la teva pres\u00e8ncia a noves al\u00e7ades amb el nostre Impuls Digital Premium! Des de la revista impresa fins a plataformes en l\u00ednia, aquesta oferta ofereix anuncis visuals impactants, entrevistes exclusives i promocions a xarxes socials. Aprofita al m\u00e0xim la sinergia entre els medis tradicionals i digitals.<\/p>\n","protected":false},"excerpt":{"rendered":"<p>Porta la teva pres\u00e8ncia a noves al\u00e7ades amb el nostre Impuls Digital Premium! Des de la revista impresa fins a plataformes en l\u00ednia, aquesta oferta ofereix anuncis visuals impactants, entrevistes exclusives i promocions a xarxes socials. Aprofita al m\u00e0xim la sinergia entre els medis tradicionals i digitals.<\/p>\n","protected":false},"featured_media":223,"comment_status":"open","ping_status":"closed","template":"","meta":{"_et_pb_use_builder":"","_et_pb_old_content":"","_et_gb_content_width":""},"product_cat":[27],"product_tag":[],"class_list":{"0":"post-280","1":"product","2":"type-product","3":"status-publish","4":"has-post-thumbnail","6":"product_cat-sin-categorizar","8":"first","9":"instock","10":"taxable","11":"shipping-taxable","12":"purchasable","13":"product-type-simple"},"_links":{"self":[{"href":"https:\/\/gracious-wright.217-76-155-236.plesk.page\/ca\/wp-json\/wp\/v2\/product\/280","targetHints":{"allow":["GET"]}}],"collection":[{"href":"https:\/\/gracious-wright.217-76-155-236.plesk.page\/ca\/wp-json\/wp\/v2\/product"}],"about":[{"href":"https:\/\/gracious-wright.217-76-155-236.plesk.page\/ca\/wp-json\/wp\/v2\/types\/product"}],"replies":[{"embeddable":true,"href":"https:\/\/gracious-wright.217-76-155-236.plesk.page\/ca\/wp-json\/wp\/v2\/comments?post=280"}],"wp:featuredmedia":[{"embeddable":true,"href":"https:\/\/gracious-wright.217-76-155-236.plesk.page\/ca\/wp-json\/wp\/v2\/media\/223"}],"wp:attachment":[{"href":"https:\/\/gracious-wright.217-76-155-236.plesk.page\/ca\/wp-json\/wp\/v2\/media?parent=280"}],"wp:term":[{"taxonomy":"product_cat","embeddable":true,"href":"https:\/\/gracious-wright.217-76-155-236.plesk.page\/ca\/wp-json\/wp\/v2\/product_cat?post=280"},{"taxonomy":"product_tag","embeddable":true,"href":"https:\/\/gracious-wright.217-76-155-236.plesk.page\/ca\/wp-json\/wp\/v2\/product_tag?post=280"}],"curies":[{"name":"wp","href":"https:\/\/api.w.org\/{rel}","templated":true}]}}