{"id":282,"date":"2023-12-21T11:45:37","date_gmt":"2023-12-21T11:45:37","guid":{"rendered":"https:\/\/gracious-wright.217-76-155-236.plesk.page\/product\/experiencia-interactiva-360\/"},"modified":"2023-12-21T11:45:37","modified_gmt":"2023-12-21T11:45:37","slug":"experiencia-interactiva-360","status":"publish","type":"product","link":"https:\/\/gracious-wright.217-76-155-236.plesk.page\/ca\/producte\/experiencia-interactiva-360\/","title":{"rendered":"Experi\u00e8ncia Interactiva 360"},"content":{"rendered":"<p>Submergeix-te a la nostra Experi\u00e8ncia Interactiva 360. Des d&#8217;anuncis impresos fins a contingut en realitat augmentada i experi\u00e8ncies en l\u00ednia, aquesta oferta ofereix una experi\u00e8ncia completa. Converteix la teva audi\u00e8ncia en participants actius amb elements visuals innovadors.<\/p>\n","protected":false},"excerpt":{"rendered":"<p>Submergeix-te a la nostra Experi\u00e8ncia Interactiva 360. Des d&#8217;anuncis impresos fins a contingut en realitat augmentada i experi\u00e8ncies en l\u00ednia, aquesta oferta ofereix una experi\u00e8ncia completa. Converteix la teva audi\u00e8ncia en participants actius amb elements visuals innovadors.<\/p>\n","protected":false},"featured_media":221,"comment_status":"open","ping_status":"closed","template":"","meta":{"_et_pb_use_builder":"","_et_pb_old_content":"","_et_gb_content_width":""},"product_cat":[27],"product_tag":[],"class_list":{"0":"post-282","1":"product","2":"type-product","3":"status-publish","4":"has-post-thumbnail","6":"product_cat-sin-categorizar","8":"first","9":"instock","10":"taxable","11":"shipping-taxable","12":"purchasable","13":"product-type-simple"},"_links":{"self":[{"href":"https:\/\/gracious-wright.217-76-155-236.plesk.page\/ca\/wp-json\/wp\/v2\/product\/282","targetHints":{"allow":["GET"]}}],"collection":[{"href":"https:\/\/gracious-wright.217-76-155-236.plesk.page\/ca\/wp-json\/wp\/v2\/product"}],"about":[{"href":"https:\/\/gracious-wright.217-76-155-236.plesk.page\/ca\/wp-json\/wp\/v2\/types\/product"}],"replies":[{"embeddable":true,"href":"https:\/\/gracious-wright.217-76-155-236.plesk.page\/ca\/wp-json\/wp\/v2\/comments?post=282"}],"wp:featuredmedia":[{"embeddable":true,"href":"https:\/\/gracious-wright.217-76-155-236.plesk.page\/ca\/wp-json\/wp\/v2\/media\/221"}],"wp:attachment":[{"href":"https:\/\/gracious-wright.217-76-155-236.plesk.page\/ca\/wp-json\/wp\/v2\/media?parent=282"}],"wp:term":[{"taxonomy":"product_cat","embeddable":true,"href":"https:\/\/gracious-wright.217-76-155-236.plesk.page\/ca\/wp-json\/wp\/v2\/product_cat?post=282"},{"taxonomy":"product_tag","embeddable":true,"href":"https:\/\/gracious-wright.217-76-155-236.plesk.page\/ca\/wp-json\/wp\/v2\/product_tag?post=282"}],"curies":[{"name":"wp","href":"https:\/\/api.w.org\/{rel}","templated":true}]}}