{"id":286,"date":"2023-12-21T11:51:33","date_gmt":"2023-12-21T11:51:33","guid":{"rendered":"https:\/\/gracious-wright.217-76-155-236.plesk.page\/product\/fusio-de-mitjans-impactant\/"},"modified":"2023-12-21T11:51:33","modified_gmt":"2023-12-21T11:51:33","slug":"fusio-de-mitjans-impactant","status":"publish","type":"product","link":"https:\/\/gracious-wright.217-76-155-236.plesk.page\/ca\/producte\/fusio-de-mitjans-impactant\/","title":{"rendered":"Fusi\u00f3 de Mitjans Impactant"},"content":{"rendered":"<p>Experimenta la Fusi\u00f3 de Mitjans Impactant amb anuncis impresos i contingut exclusiu en l\u00ednia. Des d&#8217;articles patrocinats fins a v\u00eddeos promocionals, aquesta oferta crea una connexi\u00f3 poderosa entre els mitjans tradicionals i digitals. Fes que el teu missatge ressoni a tots els canals!<\/p>\n","protected":false},"excerpt":{"rendered":"<p>Experimenta la Fusi\u00f3 de Mitjans Impactant amb anuncis impresos i contingut exclusiu en l\u00ednia. Des d&#8217;articles patrocinats fins a v\u00eddeos promocionals, aquesta oferta crea una connexi\u00f3 poderosa entre els mitjans tradicionals i digitals. Fes que el teu missatge ressoni a tots els canals!<\/p>\n","protected":false},"featured_media":216,"comment_status":"open","ping_status":"closed","template":"","meta":{"_et_pb_use_builder":"","_et_pb_old_content":"","_et_gb_content_width":""},"product_cat":[27],"product_tag":[],"class_list":{"0":"post-286","1":"product","2":"type-product","3":"status-publish","4":"has-post-thumbnail","6":"product_cat-sin-categorizar","8":"first","9":"instock","10":"taxable","11":"shipping-taxable","12":"purchasable","13":"product-type-simple"},"_links":{"self":[{"href":"https:\/\/gracious-wright.217-76-155-236.plesk.page\/ca\/wp-json\/wp\/v2\/product\/286","targetHints":{"allow":["GET"]}}],"collection":[{"href":"https:\/\/gracious-wright.217-76-155-236.plesk.page\/ca\/wp-json\/wp\/v2\/product"}],"about":[{"href":"https:\/\/gracious-wright.217-76-155-236.plesk.page\/ca\/wp-json\/wp\/v2\/types\/product"}],"replies":[{"embeddable":true,"href":"https:\/\/gracious-wright.217-76-155-236.plesk.page\/ca\/wp-json\/wp\/v2\/comments?post=286"}],"wp:featuredmedia":[{"embeddable":true,"href":"https:\/\/gracious-wright.217-76-155-236.plesk.page\/ca\/wp-json\/wp\/v2\/media\/216"}],"wp:attachment":[{"href":"https:\/\/gracious-wright.217-76-155-236.plesk.page\/ca\/wp-json\/wp\/v2\/media?parent=286"}],"wp:term":[{"taxonomy":"product_cat","embeddable":true,"href":"https:\/\/gracious-wright.217-76-155-236.plesk.page\/ca\/wp-json\/wp\/v2\/product_cat?post=286"},{"taxonomy":"product_tag","embeddable":true,"href":"https:\/\/gracious-wright.217-76-155-236.plesk.page\/ca\/wp-json\/wp\/v2\/product_tag?post=286"}],"curies":[{"name":"wp","href":"https:\/\/api.w.org\/{rel}","templated":true}]}}